{"id":2,"date":"2025-11-20T14:39:45","date_gmt":"2025-11-20T14:39:45","guid":{"rendered":"https:\/\/spacevoidtravelmusicandearthtimes.com\/?page_id=2"},"modified":"2025-11-20T14:39:45","modified_gmt":"2025-11-20T14:39:45","slug":"sample-page","status":"publish","type":"page","link":"https:\/\/spacevoidtravelmusicandearthtimes.com\/de\/sample-page\/","title":{"rendered":"Beispielseite"},"content":{"rendered":"<p>Dies ist eine Beispielseite. Sie unterscheidet sich von einem Blogbeitrag, da sie an einem Ort verbleibt und in Ihrer Website-Navigation angezeigt wird (in den meisten Designs). Die meisten Menschen beginnen mit einer \u201e\u00dcber uns\u201c-Seite, auf der sie sich potenziellen Besuchern ihrer Website vorstellen. Diese k\u00f6nnte etwa wie folgt lauten:<\/p>\n\n\n\n<blockquote class=\"wp-block-quote is-layout-flow wp-block-quote-is-layout-flow\"><p>Hallo! Tags\u00fcber bin ich Fahrradkurier, nachts angehender Schauspieler, und das ist meine Website. Ich lebe in Los Angeles, habe einen tollen Hund namens Jack und mag Pi\u00f1a Coladas. (Und im Regen stehen.)<\/p><\/blockquote>\n\n\n\n<p>\u2026oder so etwas in der Art:<\/p>\n\n\n\n<blockquote class=\"wp-block-quote is-layout-flow wp-block-quote-is-layout-flow\"><p>Die XYZ Doohickey Company wurde 1971 gegr\u00fcndet und bietet seitdem hochwertige Doohickeys f\u00fcr die \u00d6ffentlichkeit an. Das Unternehmen mit Sitz in Gotham City besch\u00e4ftigt \u00fcber 2.000 Mitarbeiter und leistet allerlei Gro\u00dfartiges f\u00fcr die Gemeinde Gotham.<\/p><\/blockquote>\n\n\n\n<p>Als neuer WordPress-Benutzer sollten Sie zu <a href=\"https:\/\/spacevoidtravelmusicandearthtimes.com\/wp-admin\/\">Ihr Dashboard<\/a> Diese Seite l\u00f6schen und neue Seiten f\u00fcr Ihre Inhalte erstellen. Viel Spa\u00df!<\/p>","protected":false},"excerpt":{"rendered":"<p>Dies ist eine Beispielseite. Sie unterscheidet sich von einem Blogbeitrag, da sie an einem Ort verbleibt und [\u2026]<\/p>","protected":false},"author":1,"featured_media":0,"parent":0,"menu_order":0,"comment_status":"closed","ping_status":"open","template":"","meta":{"site-sidebar-layout":"default","site-content-layout":"","ast-site-content-layout":"default","site-content-style":"default","site-sidebar-style":"default","ast-global-header-display":"","ast-banner-title-visibility":"","ast-main-header-display":"","ast-hfb-above-header-display":"","ast-hfb-below-header-display":"","ast-hfb-mobile-header-display":"","site-post-title":"","ast-breadcrumbs-content":"","ast-featured-img":"","footer-sml-layout":"","theme-transparent-header-meta":"","adv-header-id-meta":"","stick-header-meta":"","header-above-stick-meta":"","header-main-stick-meta":"","header-below-stick-meta":"","astra-migrate-meta-layouts":"default","ast-page-background-enabled":"default","ast-page-background-meta":{"desktop":{"background-color":"var(--ast-global-color-5)","background-image":"","background-repeat":"repeat","background-position":"center center","background-size":"auto","background-attachment":"scroll","background-type":"","background-media":"","overlay-type":"","overlay-color":"","overlay-opacity":"","overlay-gradient":""},"tablet":{"background-color":"","background-image":"","background-repeat":"repeat","background-position":"center center","background-size":"auto","background-attachment":"scroll","background-type":"","background-media":"","overlay-type":"","overlay-color":"","overlay-opacity":"","overlay-gradient":""},"mobile":{"background-color":"","background-image":"","background-repeat":"repeat","background-position":"center center","background-size":"auto","background-attachment":"scroll","background-type":"","background-media":"","overlay-type":"","overlay-color":"","overlay-opacity":"","overlay-gradient":""}},"ast-content-background-meta":{"desktop":{"background-color":"var(--ast-global-color-4)","background-image":"","background-repeat":"repeat","background-position":"center center","background-size":"auto","background-attachment":"scroll","background-type":"","background-media":"","overlay-type":"","overlay-color":"","overlay-opacity":"","overlay-gradient":""},"tablet":{"background-color":"var(--ast-global-color-4)","background-image":"","background-repeat":"repeat","background-position":"center center","background-size":"auto","background-attachment":"scroll","background-type":"","background-media":"","overlay-type":"","overlay-color":"","overlay-opacity":"","overlay-gradient":""},"mobile":{"background-color":"var(--ast-global-color-4)","background-image":"","background-repeat":"repeat","background-position":"center center","background-size":"auto","background-attachment":"scroll","background-type":"","background-media":"","overlay-type":"","overlay-color":"","overlay-opacity":"","overlay-gradient":""}},"footnotes":""},"class_list":["post-2","page","type-page","status-publish","hentry"],"_links":{"self":[{"href":"https:\/\/spacevoidtravelmusicandearthtimes.com\/de\/wp-json\/wp\/v2\/pages\/2","targetHints":{"allow":["GET"]}}],"collection":[{"href":"https:\/\/spacevoidtravelmusicandearthtimes.com\/de\/wp-json\/wp\/v2\/pages"}],"about":[{"href":"https:\/\/spacevoidtravelmusicandearthtimes.com\/de\/wp-json\/wp\/v2\/types\/page"}],"author":[{"embeddable":true,"href":"https:\/\/spacevoidtravelmusicandearthtimes.com\/de\/wp-json\/wp\/v2\/users\/1"}],"replies":[{"embeddable":true,"href":"https:\/\/spacevoidtravelmusicandearthtimes.com\/de\/wp-json\/wp\/v2\/comments?post=2"}],"version-history":[{"count":0,"href":"https:\/\/spacevoidtravelmusicandearthtimes.com\/de\/wp-json\/wp\/v2\/pages\/2\/revisions"}],"wp:attachment":[{"href":"https:\/\/spacevoidtravelmusicandearthtimes.com\/de\/wp-json\/wp\/v2\/media?parent=2"}],"curies":[{"name":"wp","href":"https:\/\/api.w.org\/{rel}","templated":true}]}}