{"id":14,"date":"2025-11-21T04:39:51","date_gmt":"2025-11-21T04:39:51","guid":{"rendered":"https:\/\/spacevoidtravelmusicandearthtimes.com\/?page_id=14"},"modified":"2025-11-21T09:17:51","modified_gmt":"2025-11-21T09:17:51","slug":"home","status":"publish","type":"page","link":"https:\/\/spacevoidtravelmusicandearthtimes.com\/de\/","title":{"rendered":"Startseite"},"content":{"rendered":"<div data-elementor-type=\"wp-page\" data-elementor-id=\"14\" class=\"elementor elementor-14\">\n\t\t\t\t<div class=\"elementor-element elementor-element-803b8eb e-flex e-con-boxed e-con e-parent\" data-id=\"803b8eb\" data-element_type=\"container\">\n\t\t\t\t\t<div class=\"e-con-inner\">\n\t\t\t\t<div class=\"elementor-element elementor-element-49f4895 elementor-widget__width-initial elementor-widget elementor-widget-heading\" data-id=\"49f4895\" data-element_type=\"widget\" data-widget_type=\"heading.default\">\n\t\t\t\t\t<h2 class=\"elementor-heading-title elementor-size-default\">SPACE VOID TRAVEL MUSIC UND EARTH TIMES<\/h2>\t\t\t\t<\/div>\n\t\t\t\t\t<\/div>\n\t\t\t\t<\/div>\n\t\t<div class=\"elementor-element elementor-element-12e9839 e-flex e-con-boxed e-con e-parent\" data-id=\"12e9839\" data-element_type=\"container\">\n\t\t\t\t\t<div class=\"e-con-inner\">\n\t\t\t\t<div class=\"elementor-element elementor-element-8b95947 elementor-widget elementor-widget-image\" data-id=\"8b95947\" data-element_type=\"widget\" data-widget_type=\"image.default\">\n\t\t\t\t\t\t\t\t\t\t\t\t\t\t\t<img fetchpriority=\"high\" decoding=\"async\" width=\"930\" height=\"523\" src=\"https:\/\/spacevoidtravelmusicandearthtimes.com\/wp-content\/uploads\/2025\/11\/Picture1234.png\" class=\"attachment-full size-full wp-image-38\" alt=\"\" srcset=\"https:\/\/spacevoidtravelmusicandearthtimes.com\/wp-content\/uploads\/2025\/11\/Picture1234.png 930w, https:\/\/spacevoidtravelmusicandearthtimes.com\/wp-content\/uploads\/2025\/11\/Picture1234-300x169.png 300w, https:\/\/spacevoidtravelmusicandearthtimes.com\/wp-content\/uploads\/2025\/11\/Picture1234-768x432.png 768w, https:\/\/spacevoidtravelmusicandearthtimes.com\/wp-content\/uploads\/2025\/11\/Picture1234-18x10.png 18w\" sizes=\"(max-width: 930px) 100vw, 930px\" \/>\t\t\t\t\t\t\t\t\t\t\t\t\t\t\t<\/div>\n\t\t\t\t\t<\/div>\n\t\t\t\t<\/div>\n\t\t<div class=\"elementor-element elementor-element-ab408fa e-flex e-con-boxed e-con e-parent\" data-id=\"ab408fa\" data-element_type=\"container\">\n\t\t\t\t\t<div class=\"e-con-inner\">\n\t\t<div class=\"elementor-element elementor-element-2e1d1e4 e-con-full e-flex e-con e-child\" data-id=\"2e1d1e4\" data-element_type=\"container\">\n\t\t\t\t<div class=\"elementor-element elementor-element-24935d4 elementor-widget elementor-widget-heading\" data-id=\"24935d4\" data-element_type=\"widget\" data-widget_type=\"heading.default\">\n\t\t\t\t\t<h2 class=\"elementor-heading-title elementor-size-default\">www.spacevoidtravelmusicandearthtimes.com<\/h2>\t\t\t\t<\/div>\n\t\t\t\t<\/div>\n\t\t<div class=\"elementor-element elementor-element-fbdc4af e-con-full e-flex e-con e-child\" data-id=\"fbdc4af\" data-element_type=\"container\">\n\t\t\t\t<div class=\"elementor-element elementor-element-ebd422d elementor-widget elementor-widget-text-editor\" data-id=\"ebd422d\" data-element_type=\"widget\" data-widget_type=\"text-editor.default\">\n\t\t\t\t\t\t\t\t\t<p>Monatlich <strong><em>PayPal<\/em><\/strong><\/p>\t\t\t\t\t\t\t\t<\/div>\n\t\t\t\t<\/div>\n\t\t\t\t\t<\/div>\n\t\t\t\t<\/div>\n\t\t<div class=\"elementor-element elementor-element-9b3651f e-flex e-con-boxed e-con e-parent\" data-id=\"9b3651f\" data-element_type=\"container\">\n\t\t\t\t\t<div class=\"e-con-inner\">\n\t\t\t\t<div class=\"elementor-element elementor-element-1541c9d elementor-widget elementor-widget-shortcode\" data-id=\"1541c9d\" data-element_type=\"widget\" data-widget_type=\"shortcode.default\">\n\t\t\t\t\t\t\t<div class=\"elementor-shortcode\"><div class=\"rcp_restricted\"><p style=\"font-size: 16px; font-style: normal; font-weight: 400;\" data-sourcepos=\"11:1-11:170\">Dieser Musikinhalt ist nur f\u00fcr unsere Abonnenten verf\u00fcgbar. Melden Sie sich noch heute an, um Zugang zu unserer Musikbibliothek zu erhalten und mit dem H\u00f6ren zu beginnen!<\/p>\n<hr data-sourcepos=\"13:1-13:5\" \/>\n<p style=\"font-size: 16px; font-style: normal; font-weight: 400;\" data-sourcepos=\"15:1-15:108\"><a style=\"font-size: 16px; transition-property: all;\" href=\"https:\/\/spacevoidtravelmusicandearthtimes.com\/de\/register\/\" target=\"_blank\" rel=\"noopener\"><strong style=\"font-size: 16px;\">Jetzt abonnieren und sofortigen Zugriff erhalten!<\/strong><\/a><\/p>\n<\/div><\/div>\n\t\t\t\t\t\t<\/div>\n\t\t\t\t\t<\/div>\n\t\t\t\t<\/div>\n\t\t<div class=\"elementor-element elementor-element-2a8ac45 e-flex e-con-boxed e-con e-parent\" data-id=\"2a8ac45\" data-element_type=\"container\">\n\t\t\t\t\t<div class=\"e-con-inner\">\n\t\t\t\t<div class=\"elementor-element elementor-element-1f90a80 elementor-widget elementor-widget-text-editor\" data-id=\"1f90a80\" data-element_type=\"widget\" data-widget_type=\"text-editor.default\">\n\t\t\t\t\t\t\t\t\t<p><strong>HINWEIS:<\/strong> Diese Website ist sonntags ab 12 Uhr mittags (variabel) ge\u00f6ffnet und bleibt bis donnerstags um 12 Uhr mittags (variabel) rund um die Uhr zug\u00e4nglich. Bitte leisten Sie keine Zahlung, wenn Sie nicht bereit sind, die Schlie\u00dfung der Website an Freitagen und Samstagen zu akzeptieren, die in Ihrem Monatsabonnement enthalten ist. Zahlungen werden nicht zur\u00fcckerstattet.<\/p>\t\t\t\t\t\t\t\t<\/div>\n\t\t\t\t\t<\/div>\n\t\t\t\t<\/div>\n\t\t\t\t<\/div>","protected":false},"excerpt":{"rendered":"<p>SPACE VOID TRAVEL MUSIC AND EARTH TIMES www.spacevoidtravelmusicandearthtimes.com Monatliche PayPal-Mitteilung: Diese Website ist sonntags ge\u00f6ffnet, variabel \/ [\u2026]<\/p>","protected":false},"author":1,"featured_media":0,"parent":0,"menu_order":0,"comment_status":"closed","ping_status":"closed","template":"elementor_header_footer","meta":{"site-sidebar-layout":"no-sidebar","site-content-layout":"","ast-site-content-layout":"full-width-container","site-content-style":"default","site-sidebar-style":"default","ast-global-header-display":"disabled","ast-banner-title-visibility":"","ast-main-header-display":"","ast-hfb-above-header-display":"","ast-hfb-below-header-display":"","ast-hfb-mobile-header-display":"","site-post-title":"disabled","ast-breadcrumbs-content":"","ast-featured-img":"disabled","footer-sml-layout":"disabled","theme-transparent-header-meta":"","adv-header-id-meta":"","stick-header-meta":"","header-above-stick-meta":"","header-main-stick-meta":"","header-below-stick-meta":"","astra-migrate-meta-layouts":"default","ast-page-background-enabled":"default","ast-page-background-meta":{"desktop":{"background-color":"var(--ast-global-color-5)","background-image":"","background-repeat":"repeat","background-position":"center center","background-size":"auto","background-attachment":"scroll","background-type":"","background-media":"","overlay-type":"","overlay-color":"","overlay-opacity":"","overlay-gradient":""},"tablet":{"background-color":"","background-image":"","background-repeat":"repeat","background-position":"center center","background-size":"auto","background-attachment":"scroll","background-type":"","background-media":"","overlay-type":"","overlay-color":"","overlay-opacity":"","overlay-gradient":""},"mobile":{"background-color":"","background-image":"","background-repeat":"repeat","background-position":"center center","background-size":"auto","background-attachment":"scroll","background-type":"","background-media":"","overlay-type":"","overlay-color":"","overlay-opacity":"","overlay-gradient":""}},"ast-content-background-meta":{"desktop":{"background-color":"var(--ast-global-color-4)","background-image":"","background-repeat":"repeat","background-position":"center center","background-size":"auto","background-attachment":"scroll","background-type":"","background-media":"","overlay-type":"","overlay-color":"","overlay-opacity":"","overlay-gradient":""},"tablet":{"background-color":"var(--ast-global-color-4)","background-image":"","background-repeat":"repeat","background-position":"center center","background-size":"auto","background-attachment":"scroll","background-type":"","background-media":"","overlay-type":"","overlay-color":"","overlay-opacity":"","overlay-gradient":""},"mobile":{"background-color":"var(--ast-global-color-4)","background-image":"","background-repeat":"repeat","background-position":"center center","background-size":"auto","background-attachment":"scroll","background-type":"","background-media":"","overlay-type":"","overlay-color":"","overlay-opacity":"","overlay-gradient":""}},"footnotes":""},"class_list":["post-14","page","type-page","status-publish","hentry"],"_links":{"self":[{"href":"https:\/\/spacevoidtravelmusicandearthtimes.com\/de\/wp-json\/wp\/v2\/pages\/14","targetHints":{"allow":["GET"]}}],"collection":[{"href":"https:\/\/spacevoidtravelmusicandearthtimes.com\/de\/wp-json\/wp\/v2\/pages"}],"about":[{"href":"https:\/\/spacevoidtravelmusicandearthtimes.com\/de\/wp-json\/wp\/v2\/types\/page"}],"author":[{"embeddable":true,"href":"https:\/\/spacevoidtravelmusicandearthtimes.com\/de\/wp-json\/wp\/v2\/users\/1"}],"replies":[{"embeddable":true,"href":"https:\/\/spacevoidtravelmusicandearthtimes.com\/de\/wp-json\/wp\/v2\/comments?post=14"}],"version-history":[{"count":148,"href":"https:\/\/spacevoidtravelmusicandearthtimes.com\/de\/wp-json\/wp\/v2\/pages\/14\/revisions"}],"predecessor-version":[{"id":179,"href":"https:\/\/spacevoidtravelmusicandearthtimes.com\/de\/wp-json\/wp\/v2\/pages\/14\/revisions\/179"}],"wp:attachment":[{"href":"https:\/\/spacevoidtravelmusicandearthtimes.com\/de\/wp-json\/wp\/v2\/media?parent=14"}],"curies":[{"name":"wp","href":"https:\/\/api.w.org\/{rel}","templated":true}]}}